{"id":460,"date":"2019-01-29T10:44:06","date_gmt":"2019-01-29T15:44:06","guid":{"rendered":"https:\/\/smartdsp.pro\/?post_type=product&#038;p=460"},"modified":"2025-12-25T11:36:38","modified_gmt":"2025-12-25T16:36:38","slug":"mastering-album","status":"publish","type":"product","link":"https:\/\/smartdsp.pro\/fr\/produit\/mastering-album\/","title":{"rendered":"Mastering (Album)"},"content":{"rendered":"<p>[et_pb_section fb_built=&#8221;1&#8243; admin_label=&#8221;About&#8221; _builder_version=&#8221;4.18.0&#8243; _module_preset=&#8221;default&#8221; background_color=&#8221;#000000&#8243; custom_margin=&#8221;-1.2vw||||false|false&#8221; collapsed=&#8221;on&#8221; global_colors_info=&#8221;{}&#8221;][et_pb_row column_structure=&#8221;3_5,2_5&#8243; custom_padding_last_edited=&#8221;on|desktop&#8221; _builder_version=&#8221;4.18.0&#8243; _module_preset=&#8221;default&#8221; background_enable_color=&#8221;off&#8221; use_background_color_gradient=&#8221;on&#8221; background_color_gradient_direction=&#8221;160deg&#8221; background_color_gradient_stops=&#8221;rgba(255,255,255,0.16) 0%|rgba(255,255,255,0) 100%&#8221; background_image=&#8221;https:\/\/smartdsp.pro\/wp-content\/uploads\/2022\/10\/streamer-68.png&#8221; parallax=&#8221;on&#8221; custom_padding=&#8221;60px|60px|60px|60px|true|true&#8221; custom_padding_tablet=&#8221;30px|30px|30px|30px|true|true&#8221; custom_padding_phone=&#8221;20px|20px|20px|20px|true|true&#8221; border_radii=&#8221;off|20px|20px||&#8221; box_shadow_style=&#8221;preset1&#8243; box_shadow_horizontal=&#8221;-1px&#8221; box_shadow_vertical=&#8221;-1px&#8221; box_shadow_blur=&#8221;0px&#8221; box_shadow_color=&#8221;rgba(255,255,255,0.21)&#8221; global_colors_info=&#8221;{}&#8221;][et_pb_column type=&#8221;3_5&#8243; _builder_version=&#8221;4.17.4&#8243; _module_preset=&#8221;default&#8221; global_colors_info=&#8221;{}&#8221;][et_pb_wc_title product=&#8221;460&#8243; _builder_version=&#8221;4.18.0&#8243; _module_preset=&#8221;default&#8221; header_font=&#8221;|600|||||||&#8221; header_text_color=&#8221;#FFFFFF&#8221; custom_margin=&#8221;2vw||||false|false&#8221; global_colors_info=&#8221;{}&#8221;][\/et_pb_wc_title][et_pb_wc_description product=&#8221;460&#8243; _builder_version=&#8221;4.18.0&#8243; _module_preset=&#8221;default&#8221; body_text_color=&#8221;#FFFFFF&#8221; header_font=&#8221;|600|||||||&#8221; header_text_color=&#8221;#00B22D&#8221; global_colors_info=&#8221;{}&#8221;][\/et_pb_wc_description][\/et_pb_column][et_pb_column type=&#8221;2_5&#8243; _builder_version=&#8221;4.17.4&#8243; _module_preset=&#8221;default&#8221; custom_padding=&#8221;8%||||false|false&#8221; custom_padding_tablet=&#8221;0%||||false|false&#8221; custom_padding_phone=&#8221;0%||||false|false&#8221; custom_padding_last_edited=&#8221;on|tablet&#8221; global_colors_info=&#8221;{}&#8221;][et_pb_wc_add_to_cart product=&#8221;460&#8243; show_quantity=&#8221;off&#8221; show_stock=&#8221;off&#8221; field_label_position=&#8221;inline&#8221; _builder_version=&#8221;4.18.0&#8243; _module_preset=&#8221;default&#8221; fields_background_color=&#8221;#00B22D&#8221; fields_text_color=&#8221;#000000&#8243; fields_focus_background_color=&#8221;#000000&#8243; dropdown_menus_background_color=&#8221;rgba(0,0,0,0)&#8221; dropdown_menus_text_color=&#8221;#00B22D&#8221; dropdown_menus_focus_background_color=&#8221;#FFFFFF&#8221; dropdown_menus_focus_text_color=&#8221;#00B22D&#8221; dropdown_menus_custom_margin=&#8221;1vw||||false|false&#8221; field_label_text_color=&#8221;#00B22D&#8221; dropdown_menus_font=&#8221;|600|||||||&#8221; dropdown_menus_font_size=&#8221;14px&#8221; custom_button=&#8221;on&#8221; button_text_color=&#8221;#FFFFFF&#8221; button_bg_color=&#8221;#00B22D&#8221; button_border_width=&#8221;0px&#8221; button_border_color=&#8221;#000000&#8243; button_font=&#8221;|600|||||||&#8221; button_icon=&#8221;&#x4e;||divi||400&#8243; custom_margin=&#8221;-2vw||||false|false&#8221; border_width_all_dropdown_menus=&#8221;1px&#8221; global_colors_info=&#8221;{}&#8221; dropdown_menus_focus_background_color__hover_enabled=&#8221;off|desktop&#8221; button_bg_color__hover_enabled=&#8221;on|desktop&#8221; button_bg_color__hover=&#8221;rgba(0,178,45,0.69)&#8221; button_bg_enable_color__hover=&#8221;on&#8221; button_border_width__hover_enabled=&#8221;off|desktop&#8221; button_border_width__hover=&#8221;0px&#8221; button_border_color__hover_enabled=&#8221;off|desktop&#8221; button_border_color__hover=&#8221;#E02B20&#8243; border_radii__hover_enabled=&#8221;off|desktop&#8221; border_radii__hover=&#8221;on|0px|0px|0px|0px&#8221; button_icon_color__hover_enabled=&#8221;on|desktop&#8221;][\/et_pb_wc_add_to_cart][\/et_pb_column][\/et_pb_row][et_pb_row custom_padding_last_edited=&#8221;on|desktop&#8221; _builder_version=&#8221;4.18.0&#8243; _module_preset=&#8221;default&#8221; background_enable_color=&#8221;off&#8221; use_background_color_gradient=&#8221;on&#8221; background_color_gradient_direction=&#8221;160deg&#8221; background_color_gradient_stops=&#8221;rgba(255,255,255,0.16) 0%|rgba(255,255,255,0) 100%&#8221; background_image=&#8221;https:\/\/smartdsp.pro\/wp-content\/uploads\/2022\/10\/streamer-68.png&#8221; parallax=&#8221;on&#8221; custom_padding=&#8221;60px|60px|60px|60px|true|true&#8221; custom_padding_tablet=&#8221;30px|30px|30px|30px|true|true&#8221; custom_padding_phone=&#8221;20px|20px|20px|20px|true|true&#8221; border_radii=&#8221;off|||20px|20px&#8221; box_shadow_style=&#8221;preset1&#8243; box_shadow_horizontal=&#8221;-1px&#8221; box_shadow_vertical=&#8221;-1px&#8221; box_shadow_blur=&#8221;0px&#8221; box_shadow_color=&#8221;rgba(255,255,255,0.21)&#8221; global_colors_info=&#8221;{}&#8221;][et_pb_column type=&#8221;4_4&#8243; _builder_version=&#8221;4.17.4&#8243; _module_preset=&#8221;default&#8221; global_colors_info=&#8221;{}&#8221;][et_pb_text _builder_version=&#8221;4.18.0&#8243; _module_preset=&#8221;aaa7c440-590a-4078-ae0c-0f3c699ac51c&#8221; header_font=&#8221;||||||||&#8221; header_3_font=&#8221;|700|||||||&#8221; header_3_text_color=&#8221;#FFFFFF&#8221; header_3_font_size=&#8221;32px&#8221; header_3_letter_spacing=&#8221;-2px&#8221; header_3_line_height=&#8221;1.4em&#8221; custom_margin=&#8221;||0px||false|false&#8221; header_3_font_size_tablet=&#8221;20px&#8221; header_3_font_size_phone=&#8221;16px&#8221; header_3_font_size_last_edited=&#8221;on|desktop&#8221; global_colors_info=&#8221;{}&#8221;]<\/p>\n<h3>Description<\/h3>\n<p>[\/et_pb_text][et_pb_wc_description product=&#8221;460&#8243; description_type=&#8221;description&#8221; _builder_version=&#8221;4.18.0&#8243; _module_preset=&#8221;default&#8221; body_font=&#8221;|600|||||||&#8221; body_text_color=&#8221;#FFFFFF&#8221; header_font=&#8221;|600|||||||&#8221; header_text_color=&#8221;#00B22D&#8221; global_colors_info=&#8221;{}&#8221;][\/et_pb_wc_description][\/et_pb_column][\/et_pb_row][et_pb_row column_structure=&#8221;1_3,1_3,1_3&#8243; use_custom_gutter=&#8221;on&#8221; gutter_width=&#8221;1&#8243; custom_padding_last_edited=&#8221;on|desktop&#8221; _builder_version=&#8221;4.17.4&#8243; _module_preset=&#8221;default&#8221; use_background_color_gradient=&#8221;on&#8221; background_color_gradient_direction=&#8221;90deg&#8221; background_color_gradient_stops=&#8221;#fa00ff 0%|#5200ff 100%&#8221; custom_padding=&#8221;50px|60px|50px|60px|true|true&#8221; custom_padding_tablet=&#8221;30px|30px|30px|30px|true|true&#8221; custom_padding_phone=&#8221;20px|20px|20px|20px|true|true&#8221; border_radii=&#8221;off|||20px|20px&#8221; locked=&#8221;off&#8221; global_colors_info=&#8221;{}&#8221;][et_pb_column type=&#8221;1_3&#8243; _builder_version=&#8221;4.17.4&#8243; _module_preset=&#8221;default&#8221; custom_padding_tablet=&#8221;||30px||false|false&#8221; custom_padding_phone=&#8221;||30px||false|false&#8221; custom_padding_last_edited=&#8221;on|tablet&#8221; global_colors_info=&#8221;{}&#8221;][et_pb_number_counter title=&#8221;Delivery&#8221; number=&#8221;1 Week&#8221; percent_sign=&#8221;off&#8221; _builder_version=&#8221;4.18.0&#8243; _module_preset=&#8221;e5fbf2a2-0c0b-4a43-a733-80dfd6d531be&#8221; title_font=&#8221;Poppins|700|||||||&#8221; title_text_color=&#8221;#FFFFFF&#8221; title_font_size=&#8221;19px&#8221; number_font=&#8221;Trispace|700|||||||&#8221; number_text_color=&#8221;#FFFFFF&#8221; number_letter_spacing=&#8221;-0.07em&#8221; number_font_size_tablet=&#8221;&#8221; number_font_size_phone=&#8221;55px&#8221; number_font_size_last_edited=&#8221;on|phone&#8221; locked=&#8221;off&#8221; global_colors_info=&#8221;{}&#8221;][\/et_pb_number_counter][\/et_pb_column][et_pb_column type=&#8221;1_3&#8243; _builder_version=&#8221;4.17.4&#8243; _module_preset=&#8221;default&#8221; custom_padding_tablet=&#8221;||30px||false|false&#8221; custom_padding_phone=&#8221;||30px||false|false&#8221; custom_padding_last_edited=&#8221;on|tablet&#8221; border_color_all=&#8221;rgba(31,33,40,0.2)&#8221; border_width_right=&#8221;2px&#8221; border_width_left=&#8221;2px&#8221; border_width_right_tablet=&#8221;0px&#8221; border_width_right_phone=&#8221;0px&#8221; border_width_right_last_edited=&#8221;on|tablet&#8221; border_width_left_tablet=&#8221;0px&#8221; border_width_left_phone=&#8221;0px&#8221; border_width_left_last_edited=&#8221;on|tablet&#8221; global_colors_info=&#8221;{}&#8221;][et_pb_number_counter title=&#8221;WAV @ 96kHz | 24-bit Masters&#8221; number=&#8221;96kHz&#8221; percent_sign=&#8221;off&#8221; _builder_version=&#8221;4.18.0&#8243; _module_preset=&#8221;e5fbf2a2-0c0b-4a43-a733-80dfd6d531be&#8221; title_font=&#8221;Poppins|700|||||||&#8221; title_text_color=&#8221;#FFFFFF&#8221; title_font_size=&#8221;19px&#8221; number_font=&#8221;Trispace|700|||||||&#8221; number_text_color=&#8221;#FFFFFF&#8221; number_letter_spacing=&#8221;-0.07em&#8221; number_font_size_tablet=&#8221;&#8221; number_font_size_phone=&#8221;55px&#8221; number_font_size_last_edited=&#8221;on|phone&#8221; locked=&#8221;off&#8221; global_colors_info=&#8221;{}&#8221;][\/et_pb_number_counter][\/et_pb_column][et_pb_column type=&#8221;1_3&#8243; _builder_version=&#8221;4.17.4&#8243; _module_preset=&#8221;default&#8221; global_colors_info=&#8221;{}&#8221;][et_pb_number_counter title=&#8221;Compliant Masters&#8221; number=&#8221;\u00d0Q&#8221; percent_sign=&#8221;off&#8221; _builder_version=&#8221;4.18.0&#8243; _module_preset=&#8221;e5fbf2a2-0c0b-4a43-a733-80dfd6d531be&#8221; title_font=&#8221;Poppins|700|||||||&#8221; title_text_color=&#8221;#FFFFFF&#8221; title_font_size=&#8221;19px&#8221; number_font=&#8221;Trispace|700|||||||&#8221; number_text_color=&#8221;#FFFFFF&#8221; number_letter_spacing=&#8221;-0.07em&#8221; link_option_url=&#8221;https:\/\/smartdsp.pro\/dq&#8221; number_font_size_tablet=&#8221;&#8221; number_font_size_phone=&#8221;55px&#8221; number_font_size_last_edited=&#8221;on|phone&#8221; locked=&#8221;off&#8221; global_colors_info=&#8221;{}&#8221;][\/et_pb_number_counter][\/et_pb_column][\/et_pb_row][\/et_pb_section][et_pb_section fb_built=&#8221;1&#8243; admin_label=&#8221;Video&#8221; _builder_version=&#8221;4.17.4&#8243; _module_preset=&#8221;default&#8221; background_color=&#8221;#000000&#8243; background_image=&#8221;https:\/\/smartdsp.pro\/wp-content\/uploads\/2022\/10\/streamer-78.png&#8221; locked=&#8221;off&#8221; collapsed=&#8221;on&#8221; global_colors_info=&#8221;{}&#8221;][et_pb_row custom_padding_last_edited=&#8221;on|phone&#8221; _builder_version=&#8221;4.18.0&#8243; _module_preset=&#8221;default&#8221; background_color=&#8221;rgba(255,255,255,0.08)&#8221; overflow-x=&#8221;visible&#8221; overflow-y=&#8221;visible&#8221; custom_padding=&#8221;60px|60px|60px|60px|true|true&#8221; custom_padding_tablet=&#8221;30px|30px|30px|30px|true|true&#8221; custom_padding_phone=&#8221;20px|20px|20px|20px|true|true&#8221; border_radii=&#8221;off|20px|20px|20px|20px&#8221; locked=&#8221;off&#8221; global_colors_info=&#8221;{}&#8221;][et_pb_column type=&#8221;4_4&#8243; _builder_version=&#8221;4.17.4&#8243; _module_preset=&#8221;default&#8221; global_colors_info=&#8221;{}&#8221;][et_pb_text _builder_version=&#8221;4.18.0&#8243; _module_preset=&#8221;aaa7c440-590a-4078-ae0c-0f3c699ac51c&#8221; header_font=&#8221;||||||||&#8221; header_3_font=&#8221;|700|||||||&#8221; header_3_text_color=&#8221;#FFFFFF&#8221; header_3_font_size=&#8221;32px&#8221; header_3_letter_spacing=&#8221;-2px&#8221; header_3_line_height=&#8221;1.4em&#8221; custom_margin=&#8221;||0px||false|false&#8221; header_3_font_size_tablet=&#8221;20px&#8221; header_3_font_size_phone=&#8221;16px&#8221; header_3_font_size_last_edited=&#8221;on|desktop&#8221; global_colors_info=&#8221;{}&#8221;]<\/p>\n<h3>Reviews<\/h3>\n<p>[\/et_pb_text][et_pb_wc_reviews show_avatar=&#8221;off&#8221; show_count=&#8221;off&#8221; product=&#8221;460&#8243; _builder_version=&#8221;4.18.0&#8243; _module_preset=&#8221;default&#8221; meta_text_color=&#8221;#007F1F&#8221; background_layout=&#8221;dark&#8221; global_colors_info=&#8221;{}&#8221;][\/et_pb_wc_reviews][\/et_pb_column][\/et_pb_row][\/et_pb_section][et_pb_section fb_built=&#8221;1&#8243; custom_padding_last_edited=&#8221;off|desktop&#8221; admin_label=&#8221;Features&#8221; _builder_version=&#8221;4.17.4&#8243; _module_preset=&#8221;default&#8221; background_color=&#8221;#000000&#8243; use_background_color_gradient=&#8221;on&#8221; background_color_gradient_stops=&#8221;#000000 0%|rgba(0,0,0,0) 20%|rgba(0,0,0,0) 80%|#000000 100%&#8221; background_color_gradient_overlays_image=&#8221;on&#8221; background_image=&#8221;https:\/\/smartdsp.pro\/wp-content\/uploads\/2022\/10\/streamer-79.png&#8221; custom_padding=&#8221;8vw||8vw||true|false&#8221; custom_padding_tablet=&#8221;30%||||false|false&#8221; custom_padding_phone=&#8221;30%||||false|false&#8221; locked=&#8221;off&#8221; collapsed=&#8221;on&#8221; global_colors_info=&#8221;{}&#8221;][et_pb_row column_structure=&#8221;1_2,1_2&#8243; custom_padding_last_edited=&#8221;on|desktop&#8221; _builder_version=&#8221;4.17.4&#8243; _module_preset=&#8221;default&#8221; background_color=&#8221;rgba(255,255,255,0.08)&#8221; overflow-x=&#8221;visible&#8221; overflow-y=&#8221;visible&#8221; custom_padding=&#8221;80px|80px|80px|80px|true|true&#8221; custom_padding_tablet=&#8221;30px|30px|30px|30px|true|true&#8221; custom_padding_phone=&#8221;20px|20px|20px|20px|true|true&#8221; border_radii=&#8221;on|20px|20px|20px|20px&#8221; box_shadow_style=&#8221;preset1&#8243; box_shadow_horizontal=&#8221;-1px&#8221; box_shadow_vertical=&#8221;-1px&#8221; box_shadow_blur=&#8221;0px&#8221; box_shadow_color=&#8221;rgba(255,255,255,0.21)&#8221; global_colors_info=&#8221;{}&#8221;][et_pb_column type=&#8221;1_2&#8243; _builder_version=&#8221;4.17.4&#8243; _module_preset=&#8221;default&#8221; custom_padding_tablet=&#8221;||||false|false&#8221; custom_padding_phone=&#8221;||30px||false|false&#8221; custom_padding_last_edited=&#8221;off|phone&#8221; global_colors_info=&#8221;{}&#8221;][et_pb_image src=&#8221;https:\/\/smartdsp.pro\/wp-content\/uploads\/2022\/03\/DQ_logo.png&#8221; alt=&#8221;\u00d0 Quality &#8211; Audio Quality Label by Smart DSP&#8221; title_text=&#8221;DQ_logo&#8221; _builder_version=&#8221;4.18.0&#8243; _module_preset=&#8221;default&#8221; max_width=&#8221;380px&#8221; custom_margin=&#8221;-40%||||false|false&#8221; global_colors_info=&#8221;{}&#8221;][\/et_pb_image][et_pb_text _builder_version=&#8221;4.18.0&#8243; _module_preset=&#8221;e6504a1b-67eb-4b3d-b023-bcab277610b6&#8243; header_4_font=&#8221;Inter|700||on|||||&#8221; header_4_text_color=&#8221;#7F8596&#8243; header_4_font_size=&#8221;14px&#8221; header_4_letter_spacing=&#8221;0.4em&#8221; header_4_line_height=&#8221;1.5em&#8221; custom_margin=&#8221;||0px||false|false&#8221; global_colors_info=&#8221;{}&#8221;]<\/p>\n<h4>Useful information<\/h4>\n<p>[\/et_pb_text][et_pb_text _builder_version=&#8221;4.18.0&#8243; _module_preset=&#8221;b327cbe4-b1d5-4b66-ad37-40c8f2f061ba&#8221; header_2_font=&#8221;Trispace|700||on|||||&#8221; header_2_text_color=&#8221;#FFFFFF&#8221; header_2_font_size=&#8221;48px&#8221; header_2_letter_spacing=&#8221;0em&#8221; header_2_line_height=&#8221;1.2em&#8221; header_2_font_size_tablet=&#8221;32px&#8221; header_2_font_size_phone=&#8221;20px&#8221; header_2_font_size_last_edited=&#8221;on|desktop&#8221; header_2_text_shadow_style=&#8221;preset2&#8243; header_2_text_shadow_horizontal_length=&#8221;0em&#8221; header_2_text_shadow_vertical_length=&#8221;4px&#8221; header_2_text_shadow_blur_strength=&#8221;0px&#8221; header_2_text_shadow_color=&#8221;#007F1F&#8221; global_colors_info=&#8221;{}&#8221;]<\/p>\n<h2>Why Master?<\/h2>\n<p>[\/et_pb_text][et_pb_text _builder_version=&#8221;4.18.0&#8243; _module_preset=&#8221;1f09816e-184e-4ce5-a4cf-b39c52c423ca&#8221; text_font=&#8221;Open Sans|600|||||||&#8221; text_text_color=&#8221;#FFFFFF&#8221; text_font_size=&#8221;16px&#8221; text_line_height=&#8221;1.8em&#8221; text_orientation=&#8221;justified&#8221; text_font_size_tablet=&#8221;15px&#8221; text_font_size_phone=&#8221;14px&#8221; text_font_size_last_edited=&#8221;on|phone&#8221; header_font_size_tablet=&#8221;55px&#8221; header_font_size_last_edited=&#8221;off|desktop&#8221; global_colors_info=&#8221;{}&#8221;]A proper master for your project doesn&#8217;t only mean an optimal quality in prevision of the various contexts of diffusion, but also ensures to sublime the vibe of your project. In addition, it&#8217;s a safe-guard against any issue that might have slipped until here.<br \/>\n[\/et_pb_text][et_pb_button button_url=&#8221;https:\/\/smartdsp.pro\/what-is-mastering&#8221; url_new_window=&#8221;on&#8221; button_text=&#8221;What is mastering?&#8221; _builder_version=&#8221;4.18.0&#8243; _module_preset=&#8221;3117bc07-6a8a-4679-b3bb-b6ed74b48a2f&#8221; custom_button=&#8221;on&#8221; button_text_size=&#8221;14px&#8221; button_text_color=&#8221;#FFFFFF&#8221; button_bg_color=&#8221;#007F1F&#8221; button_border_width=&#8221;0px&#8221; button_border_color=&#8221;RGBA(255,255,255,0)&#8221; button_border_radius=&#8221;8px&#8221; button_letter_spacing=&#8221;0.05em&#8221; button_font=&#8221;Inter|700||on|||||&#8221; button_icon=&#8221;&#x55;||divi||400&#8243; button_icon_color=&#8221;#FFFFFF&#8221; custom_margin=&#8221;2vw||||false|false&#8221; custom_padding=&#8221;14px|24px|14px|24px|true|true&#8221; global_colors_info=&#8221;{}&#8221; button_bg_color__hover_enabled=&#8221;on|desktop&#8221; button_bg_color__hover=&#8221;rgba(0,127,31,0.7)&#8221; button_bg_enable_color__hover=&#8221;on&#8221;][\/et_pb_button][\/et_pb_column][et_pb_column type=&#8221;1_2&#8243; _builder_version=&#8221;4.17.4&#8243; _module_preset=&#8221;default&#8221; custom_padding_tablet=&#8221;|||0%|false|false&#8221; custom_padding_phone=&#8221;|||0%|false|false&#8221; custom_padding_last_edited=&#8221;off|desktop&#8221; global_colors_info=&#8221;{}&#8221;][et_pb_blurb title=&#8221;High Quality Processing&#8221; use_icon=&#8221;on&#8221; font_icon=&#8221;&#x67;||divi||400&#8243; icon_placement=&#8221;left&#8221; image_icon_width=&#8221;60px&#8221; content_max_width=&#8221;100%&#8221; _builder_version=&#8221;4.18.0&#8243; _module_preset=&#8221;02b70d76-d14d-43a6-a8bc-31c536e5ab32&#8243; header_font=&#8221;Poppins|700|||||||&#8221; header_text_color=&#8221;#FFFFFF&#8221; header_font_size=&#8221;19px&#8221; header_line_height=&#8221;1.4em&#8221; body_font=&#8221;Open Sans||||||||&#8221; body_text_color=&#8221;#FFFFFF&#8221; body_line_height=&#8221;1.8em&#8221; animation=&#8221;off&#8221; header_font_size_tablet=&#8221;17px&#8221; header_font_size_phone=&#8221;16px&#8221; header_font_size_last_edited=&#8221;on|phone&#8221; border_radii_image=&#8221;on|0px|0px|0px|0px&#8221; locked=&#8221;off&#8221; global_colors_info=&#8221;{}&#8221;]At Smart DSP, we have high quality standards and are invested in quality work. We only use best-in-class and well-mastered high-end tools. And finally, we run multiple quality controls all throughout the process.<br \/>\n[\/et_pb_blurb][et_pb_divider color=&#8221;rgba(255,255,255,0.15)&#8221; divider_weight=&#8221;3px&#8221; _builder_version=&#8221;4.17.4&#8243; _module_preset=&#8221;default&#8221; custom_margin=&#8221;||||true|false&#8221; custom_padding=&#8221;20px||20px||true|false&#8221; global_colors_info=&#8221;{}&#8221;][\/et_pb_divider][et_pb_blurb title=&#8221;100% Customized for your project&#8221; use_icon=&#8221;on&#8221; font_icon=&#8221;&#xf21e;||fa||900&#8243; icon_placement=&#8221;left&#8221; image_icon_width=&#8221;60px&#8221; content_max_width=&#8221;100%&#8221; _builder_version=&#8221;4.18.0&#8243; _module_preset=&#8221;02b70d76-d14d-43a6-a8bc-31c536e5ab32&#8243; header_font=&#8221;Poppins|700|||||||&#8221; header_text_color=&#8221;#FFFFFF&#8221; header_font_size=&#8221;19px&#8221; header_line_height=&#8221;1.4em&#8221; body_font=&#8221;Open Sans||||||||&#8221; body_text_color=&#8221;#FFFFFF&#8221; body_line_height=&#8221;1.8em&#8221; animation=&#8221;off&#8221; header_font_size_tablet=&#8221;17px&#8221; header_font_size_phone=&#8221;16px&#8221; header_font_size_last_edited=&#8221;on|phone&#8221; border_radii_image=&#8221;on|0px|0px|0px|0px&#8221; locked=&#8221;off&#8221; global_colors_info=&#8221;{}&#8221;]No presets or templates modifying the sound are used. Everything is fully customized for each project, taking into account YOUR artistic direction.<br \/>\n[\/et_pb_blurb][et_pb_divider color=&#8221;rgba(255,255,255,0.15)&#8221; divider_weight=&#8221;3px&#8221; _builder_version=&#8221;4.17.4&#8243; _module_preset=&#8221;default&#8221; custom_padding=&#8221;20px||20px||true|false&#8221; locked=&#8221;off&#8221; global_colors_info=&#8221;{}&#8221;][\/et_pb_divider][et_pb_blurb title=&#8221;Feedbacks &#038; Tips&#8221; use_icon=&#8221;on&#8221; font_icon=&#8221;&#x77;||divi||400&#8243; icon_placement=&#8221;left&#8221; image_icon_width=&#8221;60px&#8221; content_max_width=&#8221;100%&#8221; _builder_version=&#8221;4.18.0&#8243; _module_preset=&#8221;02b70d76-d14d-43a6-a8bc-31c536e5ab32&#8243; header_font=&#8221;Poppins|700|||||||&#8221; header_text_color=&#8221;#FFFFFF&#8221; header_font_size=&#8221;19px&#8221; header_line_height=&#8221;1.4em&#8221; body_font=&#8221;Open Sans||||||||&#8221; body_text_color=&#8221;#FFFFFF&#8221; body_line_height=&#8221;1.8em&#8221; animation=&#8221;off&#8221; header_font_size_tablet=&#8221;17px&#8221; header_font_size_phone=&#8221;16px&#8221; header_font_size_last_edited=&#8221;on|phone&#8221; border_radii_image=&#8221;on|0px|0px|0px|0px&#8221; locked=&#8221;off&#8221; global_colors_info=&#8221;{}&#8221;]With each project, we usually provide initial feedback as well as valuable insights after the mastering including tips that might prove helpful for your future projects. We love to collaborate with skilled artist and develop long-term relationships.<br \/>\n[\/et_pb_blurb][\/et_pb_column][\/et_pb_row][\/et_pb_section]<\/p>\n","protected":false},"excerpt":{"rendered":"<p>Ce service de mastering pour album (10 \u00e0 15 morceaux) inclut :<\/p>\n<ul>\n<li style=\"list-style-type: none;\">\n<ul>\n<li>Traitement de haute qualit\u00e9 de tous les fichiers st\u00e9r\u00e9o,<\/li>\n<li>Encodage des m\u00e9tadonn\u00e9es<\/li>\n<li>Livraison multi-formats, sur demande.<\/li>\n<\/ul>\n<\/li>\n<\/ul>\n<ul>\n<li style=\"list-style-type: none;\"><\/li>\n<\/ul>","protected":false},"featured_media":2498,"comment_status":"open","ping_status":"closed","template":"","meta":{"_et_pb_use_builder":"on","_et_pb_old_content":"<a href=\"https:\/\/smartdsp.pro\/what-is-mastering\">What is Mastering ?\u00a0<\/a>\r\n<a href=\"https:\/\/smartdsp.pro\/how-to-export-your-tracks-for-mastering\">How to export your track(s) for mastering ?<\/a>\r\n\r\nWe won't master your Album only in a technical way, of course, the first step will be to bring it to a perfect tonal balance as weel as a competititve but dynamic respectfull level...\r\n\r\nBut after that, the difference is made by the vibe, the emotions coming out of your track.\r\n\r\nWe'll personnaly be involved in the quality of your masters, not just a matter of selling a service and we can certify you that we'll do our best to bring the requiered collor to your sound if that's what you wish while preserving the essence of your performance.\r\n\r\nFinally one of our main concern will also be to maitain or bring coherence to the overall project, by applying coherent color and bringing to same technical level all track.\r\n\r\nKeep in mind that mastering isn't normally a place to fix issues, this is why we offer a free critical feedback from objective and trained ears which may help with some final tweaks before sending over the files for mastering !\r\n\r\nUsual Turnaround : 7\/10 days (since reception of the files and all required information)\r\n\r\n<strong>Notes:<\/strong>\r\n- A revision can be a variation of a mix as well as a correction,\r\n- For bigger projects or different needs, you can <a href=\"https:\/\/smartdsp.pro\/custom-quote\/\" target=\"_blank\" rel=\"noopener noreferrer\">request a custom quote<\/a>,\r\n- We are warrant for the technician's work, he will not receive the funds right away but only when the order will be well notified as fully completed by both side.\r\n\r\n<strong>Do not hesitate to <a href=\"https:\/\/smartdsp.pro\/contact\">contact us<\/a> for any questions<\/strong> either on the tools we are using and why we choosed them, on our philosophy about mastering or just on the order process... We'll usually reply within a few minutes\/hours.\r\n\r\n<a href=\"https:\/\/smartdsp.pro\/mastered-by-elliott-sebag\/\">References<\/a>\r\n<a href=\"https:\/\/elliottsebag.com\/about\">About our lead technician Elliott S.<\/a>","_et_gb_content_width":""},"product_brand":[],"product_cat":[17],"product_tag":[99,22,34,104,95,98,96,44,105,102],"class_list":{"0":"post-460","1":"product","2":"type-product","3":"status-publish","4":"has-post-thumbnail","6":"product_cat-service","7":"product_tag-1-track","8":"product_tag-audio","9":"product_tag-dsp","10":"product_tag-ep","11":"product_tag-fast","12":"product_tag-mastering","13":"product_tag-pro","14":"product_tag-quality","15":"product_tag-s","16":"product_tag-service","18":"first","19":"instock","20":"sold-individually","21":"shipping-taxable","22":"purchasable","23":"product-type-variable","24":"has-default-attributes"},"_links":{"self":[{"href":"https:\/\/smartdsp.pro\/fr\/wp-json\/wp\/v2\/product\/460","targetHints":{"allow":["GET"]}}],"collection":[{"href":"https:\/\/smartdsp.pro\/fr\/wp-json\/wp\/v2\/product"}],"about":[{"href":"https:\/\/smartdsp.pro\/fr\/wp-json\/wp\/v2\/types\/product"}],"replies":[{"embeddable":true,"href":"https:\/\/smartdsp.pro\/fr\/wp-json\/wp\/v2\/comments?post=460"}],"wp:featuredmedia":[{"embeddable":true,"href":"https:\/\/smartdsp.pro\/fr\/wp-json\/wp\/v2\/media\/2498"}],"wp:attachment":[{"href":"https:\/\/smartdsp.pro\/fr\/wp-json\/wp\/v2\/media?parent=460"}],"wp:term":[{"taxonomy":"product_brand","embeddable":true,"href":"https:\/\/smartdsp.pro\/fr\/wp-json\/wp\/v2\/product_brand?post=460"},{"taxonomy":"product_cat","embeddable":true,"href":"https:\/\/smartdsp.pro\/fr\/wp-json\/wp\/v2\/product_cat?post=460"},{"taxonomy":"product_tag","embeddable":true,"href":"https:\/\/smartdsp.pro\/fr\/wp-json\/wp\/v2\/product_tag?post=460"}],"curies":[{"name":"wp","href":"https:\/\/api.w.org\/{rel}","templated":true}]}}