{"id":3401,"date":"2023-09-09T14:43:06","date_gmt":"2023-09-09T19:43:06","guid":{"rendered":"https:\/\/smartdsp.pro\/?post_type=product&#038;p=3401"},"modified":"2026-04-01T00:01:53","modified_gmt":"2026-04-01T05:01:53","slug":"drums-flow","status":"publish","type":"product","link":"https:\/\/smartdsp.pro\/fr\/produit\/drums-flow\/","title":{"rendered":"Drums Flow"},"content":{"rendered":"<p>[et_pb_section fb_built=&#8221;1&#8243; _builder_version=&#8221;4.19.0&#8243; background_color=&#8221;#000000&#8243; use_background_color_gradient=&#8221;on&#8221; background_color_gradient_direction=&#8221;360deg&#8221; background_color_gradient_stops=&#8221;rgba(43,135,218,0) 0%|rgba(41, 128, 207, 0.05) 31%|#0a0202 100%&#8221; background_color_gradient_overlays_image=&#8221;on&#8221; background_image=&#8221;https:\/\/smartdsp.pro\/wp-content\/uploads\/2022\/10\/streamer-79.png&#8221; custom_margin=&#8221;-3vw||0vw||false|false&#8221; custom_margin_tablet=&#8221;-3vw||0vw||false|false&#8221; custom_margin_phone=&#8221;-6vw||0vw||false|false&#8221; custom_margin_last_edited=&#8221;on|phone&#8221; custom_padding=&#8221;6vw|0px|3vw|0|false|false&#8221; top_divider_style=&#8221;curve2&#8243; top_divider_color=&#8221;#000000&#8243; top_divider_flip=&#8221;vertical&#8221; bottom_divider_style=&#8221;curve2&#8243; bottom_divider_color=&#8221;#000000&#8243; locked=&#8221;off&#8221; global_colors_info=&#8221;{}&#8221;][et_pb_row _builder_version=&#8221;4.16&#8243; background_size=&#8221;initial&#8221; background_position=&#8221;top_left&#8221; background_repeat=&#8221;repeat&#8221; width=&#8221;100%&#8221; custom_padding=&#8221;0px||0px||false|false&#8221; global_colors_info=&#8221;{}&#8221;][et_pb_column type=&#8221;4_4&#8243; _builder_version=&#8221;4.16&#8243; custom_padding=&#8221;|||&#8221; global_colors_info=&#8221;{}&#8221; custom_padding__hover=&#8221;|||&#8221;][et_pb_wc_cart_notice _builder_version=&#8221;4.16&#8243; title_font_size=&#8221;16px&#8221; background_color=&#8221;rgba(0,178,45,0.23)&#8221; custom_button=&#8221;on&#8221; button_text_size=&#8221;14px&#8221; button_text_color=&#8221;#FFFFFF&#8221; button_bg_use_color_gradient=&#8221;on&#8221; button_bg_color_gradient_direction=&#8221;229deg&#8221; button_bg_color_gradient_stops=&#8221;rgba(189,22,179,0.8) 0%|rgba(253,202,65,0.8) 100%&#8221; button_border_width=&#8221;0px&#8221; button_border_radius=&#8221;15px&#8221; button_font=&#8221;Be Vietnam Pro|600|||||||&#8221; button_use_icon=&#8221;off&#8221; width=&#8221;80%&#8221; width_tablet=&#8221;78%&#8221; width_phone=&#8221;73%&#8221; width_last_edited=&#8221;on|phone&#8221; module_alignment=&#8221;center&#8221; custom_margin=&#8221;1vw|0em|2em|0em|false|false&#8221; custom_margin_tablet=&#8221;2vw||||false|false&#8221; custom_margin_phone=&#8221;7vw||||false|false&#8221; custom_margin_last_edited=&#8221;on|desktop&#8221; custom_padding_tablet=&#8221;&#8221; custom_padding_phone=&#8221;&#8221; custom_padding_last_edited=&#8221;on|phone&#8221; title_font_size_tablet=&#8221;12px&#8221; title_font_size_phone=&#8221;11px&#8221; title_font_size_last_edited=&#8221;on|phone&#8221; button_text_size_tablet=&#8221;14px&#8221; button_text_size_phone=&#8221;14px&#8221; button_text_size_last_edited=&#8221;on|desktop&#8221; border_radii=&#8221;on|20px|20px|20px|20px&#8221; global_colors_info=&#8221;{}&#8221; button_border_width__hover=&#8221;0px&#8221; button_border_width__hover_enabled=&#8221;on|desktop&#8221; button_border_radius__hover=&#8221;15px&#8221; button_border_radius__hover_enabled=&#8221;on|desktop&#8221; button_bg_color__hover=&#8221;rgba(0,127,31,0.7)&#8221; button_bg_color__hover_enabled=&#8221;on|desktop&#8221; button_border_color__hover=&#8221;rgba(255,255,255,0.02)&#8221; button_border_color__hover_enabled=&#8221;on|hover&#8221; button_icon_color__hover=&#8221;#FFFFFF&#8221; button_icon_color__hover_enabled=&#8221;on|hover&#8221;][\/et_pb_wc_cart_notice][\/et_pb_column][\/et_pb_row][et_pb_row column_structure=&#8221;2_3,1_3&#8243; _builder_version=&#8221;4.22.1&#8243; custom_margin=&#8221;0vw||||false|false&#8221; custom_margin_tablet=&#8221;4vw||||false|false&#8221; custom_margin_phone=&#8221;12vw||||false|false&#8221; custom_margin_last_edited=&#8221;on|desktop&#8221; global_colors_info=&#8221;{}&#8221;][et_pb_column type=&#8221;2_3&#8243; _builder_version=&#8221;4.18.0&#8243; custom_padding=&#8221;|||&#8221; global_colors_info=&#8221;{}&#8221; custom_padding__hover=&#8221;|||&#8221;][et_pb_text _builder_version=&#8221;4.27.4&#8243; text_font=&#8221;|600|||||||&#8221; text_text_color=&#8221;#FFFFFF&#8221; text_font_size=&#8221;16px&#8221; text_line_height=&#8221;2em&#8221; header_font=&#8221;Be Vietnam Pro|600||on|||||&#8221; header_text_align=&#8221;left&#8221; header_text_color=&#8221;#FFFFFF&#8221; header_font_size=&#8221;56px&#8221; header_2_font=&#8221;Be Vietnam Pro|600|||||||&#8221; header_2_text_align=&#8221;left&#8221; header_2_text_color=&#8221;#FFFFFF&#8221; header_2_font_size=&#8221;25px&#8221; background_layout=&#8221;dark&#8221; max_width=&#8221;80%&#8221; module_alignment=&#8221;center&#8221; custom_margin=&#8221;1px|||||&#8221; text_font_size_tablet=&#8221;&#8221; text_font_size_phone=&#8221;14px&#8221; text_font_size_last_edited=&#8221;on|desktop&#8221; header_text_align_tablet=&#8221;center&#8221; header_text_align_phone=&#8221;center&#8221; header_text_align_last_edited=&#8221;on|phone&#8221; header_font_size_tablet=&#8221;54px&#8221; header_font_size_phone=&#8221;32px&#8221; header_font_size_last_edited=&#8221;on|phone&#8221; header_2_text_align_tablet=&#8221;center&#8221; header_2_text_align_phone=&#8221;center&#8221; header_2_text_align_last_edited=&#8221;on|phone&#8221; header_2_font_size_tablet=&#8221;24px&#8221; header_2_font_size_phone=&#8221;14px&#8221; header_2_font_size_last_edited=&#8221;on|tablet&#8221; locked=&#8221;off&#8221; global_colors_info=&#8221;{}&#8221;]<\/p>\n<h1>Drums Flow<\/h1>\n<h2>Drum Machine for Ableton Live<\/h2>\n<p>[\/et_pb_text][et_pb_text _builder_version=&#8221;4.27.4&#8243; text_font=&#8221;|600|||||||&#8221; text_text_color=&#8221;#FFFFFF&#8221; text_font_size=&#8221;16px&#8221; text_line_height=&#8221;0.8em&#8221; background_layout=&#8221;dark&#8221; max_width=&#8221;80%&#8221; module_alignment=&#8221;center&#8221; text_font_size_tablet=&#8221;&#8221; text_font_size_phone=&#8221;14px&#8221; text_font_size_last_edited=&#8221;on|desktop&#8221; text_line_height_tablet=&#8221;1.4em&#8221; text_line_height_phone=&#8221;1.4em&#8221; text_line_height_last_edited=&#8221;on|phone&#8221; locked=&#8221;off&#8221; global_colors_info=&#8221;{}&#8221;]<\/p>\n<p>Access and shape intuitively original drums sounds while minimizing the time spent mixing your drums.<\/p>\n<p>Master the flow and make it yours!<\/p>\n<p>[\/et_pb_text][\/et_pb_column][et_pb_column type=&#8221;1_3&#8243; _builder_version=&#8221;4.18.0&#8243; custom_padding=&#8221;|||&#8221; global_colors_info=&#8221;{}&#8221; custom_padding__hover=&#8221;|||&#8221;][et_pb_video src=&#8221;https:\/\/www.youtube.com\/watch?v=Rh7-f3Vwyi0&#8243; image_src=&#8221;\/\/i.ytimg.com\/vi\/Rh7-f3Vwyi0\/hqdefault.jpg&#8221; play_icon_color=&#8221;#FFFFFF&#8221; _builder_version=&#8221;4.22.1&#8243; _module_preset=&#8221;default&#8221; border_radii=&#8221;on|20px|20px|20px|20px&#8221; global_colors_info=&#8221;{}&#8221;][\/et_pb_video][\/et_pb_column][\/et_pb_row][et_pb_row column_structure=&#8221;2_3,1_3&#8243; _builder_version=&#8221;4.27.4&#8243; background_size=&#8221;initial&#8221; background_position=&#8221;top_left&#8221; background_repeat=&#8221;repeat&#8221; width=&#8221;100%&#8221; custom_padding=&#8221;20px|20px|20px|20px|false|false&#8221; border_radii=&#8221;on|20px|20px|20px|20px&#8221; global_colors_info=&#8221;{}&#8221;][et_pb_column type=&#8221;2_3&#8243; _builder_version=&#8221;4.19.0&#8243; _module_preset=&#8221;default&#8221; global_colors_info=&#8221;{}&#8221;][et_pb_wc_description _builder_version=&#8221;4.27.4&#8243; body_font=&#8221;Be Vietnam Pro||||||||&#8221; body_text_color=&#8221;#FFFFFF&#8221; global_colors_info=&#8221;{}&#8221;][\/et_pb_wc_description][et_pb_wc_reviews show_avatar=&#8221;off&#8221; show_count=&#8221;off&#8221; _builder_version=&#8221;4.27.4&#8243; _module_preset=&#8221;default&#8221; form_field_background_color=&#8221;rgba(255,255,255,0.81)&#8221; form_field_text_color=&#8221;#000000&#8243; form_field_focus_background_color=&#8221;#FFFFFF&#8221; form_field_focus_text_color=&#8221;#000000&#8243; header_font=&#8221;Be Vietnam Pro||||||||&#8221; title_font=&#8221;Be Vietnam Pro||||||||&#8221; rating_text_color=&#8221;#E09900&#8243; form_field_font=&#8221;Be Vietnam Pro|300|||||||&#8221; custom_button=&#8221;on&#8221; button_text_color=&#8221;#FFFFFF&#8221; button_bg_use_color_gradient=&#8221;on&#8221; button_bg_color_gradient_direction=&#8221;229deg&#8221; button_bg_color_gradient_stops=&#8221;rgba(189,22,179,0.8) 0%|rgba(253,202,65,0.8) 100%&#8221; button_border_width=&#8221;0px&#8221; button_border_radius=&#8221;15px&#8221; button_font=&#8221;Be Vietnam Pro|600|||||||&#8221; button_use_icon=&#8221;off&#8221; background_layout=&#8221;dark&#8221; border_radii_fields=&#8221;on|20px|20px|20px|20px&#8221; locked=&#8221;off&#8221; global_colors_info=&#8221;{}&#8221; button_text_size__hover_enabled=&#8221;on|desktop&#8221; button_bg_color__hover=&#8221;rgba(0,127,31,0.7)&#8221; button_bg_color__hover_enabled=&#8221;on|desktop&#8221; button_border_width__hover=&#8221;0px&#8221; button_border_width__hover_enabled=&#8221;on|desktop&#8221; button_border_color__hover=&#8221;rgba(255,255,255,0.02)&#8221; button_border_color__hover_enabled=&#8221;on|hover&#8221; button_border_radius__hover=&#8221;15px&#8221; button_border_radius__hover_enabled=&#8221;on|desktop&#8221; button_icon_color__hover=&#8221;#FFFFFF&#8221; button_icon_color__hover_enabled=&#8221;on|hover&#8221;][\/et_pb_wc_reviews][\/et_pb_column][et_pb_column type=&#8221;1_3&#8243; _builder_version=&#8221;4.16&#8243; custom_padding=&#8221;|||&#8221; global_colors_info=&#8221;{}&#8221; custom_padding__hover=&#8221;|||&#8221;][et_pb_wc_meta _builder_version=&#8221;4.16&#8243; global_colors_info=&#8221;{}&#8221;][\/et_pb_wc_meta][et_pb_text _builder_version=&#8221;4.27.4&#8243; _module_preset=&#8221;default&#8221; text_font=&#8221;Be Vietnam Pro||||||||&#8221; text_text_color=&#8221;#FFFFFF&#8221; header_text_color=&#8221;#E09900&#8243; text_orientation=&#8221;center&#8221; text_font_size_tablet=&#8221;16px&#8221; text_font_size_phone=&#8221;12px&#8221; text_font_size_last_edited=&#8221;on|phone&#8221; locked=&#8221;off&#8221; global_colors_info=&#8221;{}&#8221;]<\/p>\n<p><strong>Buy your perpetual license:<\/strong><\/p>\n<p>[\/et_pb_text][et_pb_wc_price _builder_version=&#8221;4.22.1&#8243; body_font_size=&#8221;20px&#8221; before_sale_price_text_color=&#8221;#ffffff&#8221; text_orientation=&#8221;center&#8221; custom_margin=&#8221;||0.5vw||false|false&#8221; custom_padding=&#8221;||||false|false&#8221; global_colors_info=&#8221;{}&#8221;][\/et_pb_wc_price][et_pb_wc_add_to_cart show_quantity=&#8221;off&#8221; show_stock=&#8221;off&#8221; _builder_version=&#8221;4.18.0&#8243; fields_background_color=&#8221;rgba(255,255,255,0.19)&#8221; fields_text_color=&#8221;#ffffff&#8221; fields_focus_background_color=&#8221;rgba(255,255,255,0.19)&#8221; fields_focus_text_color=&#8221;#FFFFFF&#8221; field_label_font=&#8221;Be Vietnam Pro|700|||||||&#8221; field_label_text_align=&#8221;center&#8221; custom_button=&#8221;on&#8221; button_text_color=&#8221;#FFFFFF&#8221; button_bg_use_color_gradient=&#8221;on&#8221; button_bg_color_gradient_direction=&#8221;229deg&#8221; button_bg_color_gradient_stops=&#8221;rgba(189,22,179,0.8) 0%|rgba(253,202,65,0.8) 100%&#8221; button_border_width=&#8221;0px&#8221; button_border_radius=&#8221;15px&#8221; button_font=&#8221;Be Vietnam Pro|600|||||||&#8221; button_icon=&#8221;&#xf084;||fa||900&#8243; button_icon_placement=&#8221;left&#8221; button_on_hover=&#8221;off&#8221; text_orientation=&#8221;center&#8221; custom_margin=&#8221;1vw||||false|false&#8221; custom_margin_tablet=&#8221;2vw||1vw||false|false&#8221; custom_margin_phone=&#8221;2vw||1vw||false|false&#8221; custom_margin_last_edited=&#8221;on|tablet&#8221; global_colors_info=&#8221;{}&#8221; button_border_width__hover=&#8221;0px&#8221; button_border_width__hover_enabled=&#8221;on|desktop&#8221; button_border_radius__hover=&#8221;15px&#8221; button_border_radius__hover_enabled=&#8221;on|desktop&#8221; button_bg_color__hover_enabled=&#8221;on|hover&#8221; button_border_color__hover=&#8221;rgba(255,255,255,0.02)&#8221; button_border_color__hover_enabled=&#8221;on|hover&#8221; button_icon_color__hover=&#8221;#FFFFFF&#8221; button_icon_color__hover_enabled=&#8221;on|hover&#8221;][\/et_pb_wc_add_to_cart][et_pb_wc_images show_product_image=&#8221;off&#8221; show_sale_badge=&#8221;off&#8221; sale_badge_color=&#8221;#00B22D&#8221; _builder_version=&#8221;4.27.4&#8243; custom_margin=&#8221;2vw||||false|false&#8221; custom_margin_tablet=&#8221;6vw||||false|false&#8221; custom_margin_phone=&#8221;12vw||||false|false&#8221; custom_margin_last_edited=&#8221;on|desktop&#8221; border_radii_image=&#8221;on|5px|5px|5px|5px&#8221; global_colors_info=&#8221;{}&#8221;][\/et_pb_wc_images][\/et_pb_column][\/et_pb_row][et_pb_row _builder_version=&#8221;4.27.4&#8243; background_size=&#8221;initial&#8221; background_position=&#8221;top_left&#8221; background_repeat=&#8221;repeat&#8221; width=&#8221;100%&#8221; custom_margin=&#8221;||4vw||false|false&#8221; custom_padding=&#8221;20px|20px|20px|20px|false|false&#8221; border_radii=&#8221;on|20px|20px|20px|20px&#8221; global_colors_info=&#8221;{}&#8221;][et_pb_column type=&#8221;4_4&#8243; _builder_version=&#8221;4.16&#8243; custom_padding=&#8221;|||&#8221; global_colors_info=&#8221;{}&#8221; custom_padding__hover=&#8221;|||&#8221;][et_pb_wc_meta _builder_version=&#8221;4.16&#8243; global_colors_info=&#8221;{}&#8221;][\/et_pb_wc_meta][et_pb_wc_description description_type=&#8221;description&#8221; _builder_version=&#8221;4.27.4&#8243; _module_preset=&#8221;default&#8221; body_font=&#8221;Be Vietnam Pro|300|||||||&#8221; body_text_color=&#8221;#FFFFFF&#8221; body_font_size=&#8221;16px&#8221; background_layout=&#8221;dark&#8221; global_colors_info=&#8221;{}&#8221;][\/et_pb_wc_description][et_pb_wc_related_products posts_number=&#8221;3&#8243; columns_number=&#8221;3&#8243; orderby=&#8221;price-desc&#8221; include_categories=&#8221;19&#8243; hover_overlay_color=&#8221;rgba(10,10,10,0.53)&#8221; show_name=&#8221;off&#8221; show_price=&#8221;off&#8221; _builder_version=&#8221;4.22.1&#8243; _module_preset=&#8221;default&#8221; title_font=&#8221;Be Vietnam Pro|500||on|||||&#8221; title_text_color=&#8221;#E09900&#8243; product_title_text_color=&#8221;#FFFFFF&#8221; width=&#8221;80%&#8221; width_tablet=&#8221;80%&#8221; width_phone=&#8221;80%&#8221; width_last_edited=&#8221;on|desktop&#8221; module_alignment=&#8221;center&#8221; custom_padding=&#8221;||||false|false&#8221; custom_padding_tablet=&#8221;|4vw||4vw|false|true&#8221; custom_padding_phone=&#8221;2vw|2vw|2vw|2vw|true|true&#8221; custom_padding_last_edited=&#8221;on|tablet&#8221; border_radii_image=&#8221;on|20px|20px|20px|20px&#8221; global_colors_info=&#8221;{}&#8221;][\/et_pb_wc_related_products][\/et_pb_column][\/et_pb_row][et_pb_row column_structure=&#8221;1_3,1_3,1_3&#8243; _builder_version=&#8221;4.18.0&#8243; custom_margin=&#8221;1vw|auto||auto|false|false&#8221; animation_style=&#8221;flip&#8221; global_colors_info=&#8221;{}&#8221;][et_pb_column type=&#8221;1_3&#8243; _builder_version=&#8221;4.18.0&#8243; custom_padding=&#8221;|||&#8221; global_colors_info=&#8221;{}&#8221; custom_padding__hover=&#8221;|||&#8221;][et_pb_button button_url=&#8221;https:\/\/smartdsp.pro\/mastering-services&#8221; button_text=&#8221;Mastering Services&#8221; button_alignment=&#8221;center&#8221; _builder_version=&#8221;4.27.4&#8243; _module_preset=&#8221;3117bc07-6a8a-4679-b3bb-b6ed74b48a2f&#8221; custom_button=&#8221;on&#8221; button_text_color=&#8221;#FFFFFF&#8221; button_bg_use_color_gradient=&#8221;on&#8221; button_bg_color_gradient_direction=&#8221;229deg&#8221; button_bg_color_gradient_stops=&#8221;rgba(189,22,179,0.8) 0%|rgba(253,202,65,0.8) 100%&#8221; button_border_width=&#8221;0px&#8221; button_border_radius=&#8221;15px&#8221; button_font=&#8221;Be Vietnam Pro|600|||||||&#8221; button_use_icon=&#8221;off&#8221; box_shadow_style=&#8221;preset1&#8243; box_shadow_blur=&#8221;35px&#8221; box_shadow_spread=&#8221;-11px&#8221; box_shadow_color=&#8221;rgba(255,255,255,0.28)&#8221; global_colors_info=&#8221;{}&#8221; button_bg_color__hover_enabled=&#8221;on|desktop&#8221; button_bg_color__hover=&#8221;rgba(0,127,31,0.7)&#8221; button_bg_enable_color__hover=&#8221;on&#8221; button_border_width__hover=&#8221;0px&#8221; button_border_width__hover_enabled=&#8221;on|desktop&#8221; button_border_radius__hover=&#8221;15px&#8221; button_border_radius__hover_enabled=&#8221;on|desktop&#8221; box_shadow_color__hover=&#8221;rgba(255,255,255,0.49)&#8221; box_shadow_color__hover_enabled=&#8221;on|hover&#8221; button_text_size__hover_enabled=&#8221;on|desktop&#8221; button_border_color__hover=&#8221;rgba(255,255,255,0.02)&#8221; button_border_color__hover_enabled=&#8221;on|hover&#8221; button_icon_color__hover=&#8221;#FFFFFF&#8221; button_icon_color__hover_enabled=&#8221;on|hover&#8221;][\/et_pb_button][\/et_pb_column][et_pb_column type=&#8221;1_3&#8243; _builder_version=&#8221;4.18.0&#8243; custom_padding=&#8221;|||&#8221; global_colors_info=&#8221;{}&#8221; custom_padding__hover=&#8221;|||&#8221;][et_pb_button button_url=&#8221;https:\/\/smartdsp.pro\/smart-dsp-products\/&#8221; button_text=&#8221;Audio Effects&#8221; button_alignment=&#8221;center&#8221; _builder_version=&#8221;4.27.4&#8243; _module_preset=&#8221;3117bc07-6a8a-4679-b3bb-b6ed74b48a2f&#8221; custom_button=&#8221;on&#8221; button_text_color=&#8221;#FFFFFF&#8221; button_bg_use_color_gradient=&#8221;on&#8221; button_bg_color_gradient_direction=&#8221;229deg&#8221; button_bg_color_gradient_stops=&#8221;rgba(189,22,179,0.8) 0%|rgba(253,202,65,0.8) 100%&#8221; button_border_width=&#8221;0px&#8221; button_border_radius=&#8221;15px&#8221; button_font=&#8221;Be Vietnam Pro|600|||||||&#8221; button_use_icon=&#8221;off&#8221; box_shadow_style=&#8221;preset1&#8243; box_shadow_blur=&#8221;35px&#8221; box_shadow_spread=&#8221;-11px&#8221; box_shadow_color=&#8221;rgba(255,255,255,0.28)&#8221; global_colors_info=&#8221;{}&#8221; button_bg_color__hover_enabled=&#8221;on|desktop&#8221; button_bg_color__hover=&#8221;rgba(0,127,31,0.7)&#8221; button_bg_enable_color__hover=&#8221;on&#8221; button_border_width__hover=&#8221;0px&#8221; button_border_width__hover_enabled=&#8221;on|desktop&#8221; button_border_radius__hover=&#8221;15px&#8221; button_border_radius__hover_enabled=&#8221;on|desktop&#8221; box_shadow_color__hover=&#8221;rgba(255,255,255,0.49)&#8221; box_shadow_color__hover_enabled=&#8221;on|hover&#8221; button_text_size__hover_enabled=&#8221;on|desktop&#8221; button_border_color__hover=&#8221;rgba(255,255,255,0.02)&#8221; button_border_color__hover_enabled=&#8221;on|hover&#8221; button_icon_color__hover=&#8221;#FFFFFF&#8221; button_icon_color__hover_enabled=&#8221;on|hover&#8221;][\/et_pb_button][\/et_pb_column][et_pb_column type=&#8221;1_3&#8243; _builder_version=&#8221;4.18.0&#8243; custom_padding=&#8221;|||&#8221; global_colors_info=&#8221;{}&#8221; custom_padding__hover=&#8221;|||&#8221;][et_pb_button button_url=&#8221;https:\/\/www.patreon.com\/posts\/how-to-get-most-96445637&#8243; url_new_window=&#8221;on&#8221; button_text=&#8221;Learn on Patreon&#8221; button_alignment=&#8221;center&#8221; _builder_version=&#8221;4.27.4&#8243; _module_preset=&#8221;3117bc07-6a8a-4679-b3bb-b6ed74b48a2f&#8221; custom_button=&#8221;on&#8221; button_text_color=&#8221;#FFFFFF&#8221; button_bg_use_color_gradient=&#8221;on&#8221; button_bg_color_gradient_direction=&#8221;229deg&#8221; button_bg_color_gradient_stops=&#8221;rgba(189,22,179,0.8) 0%|rgba(253,202,65,0.8) 100%&#8221; button_border_width=&#8221;0px&#8221; button_border_radius=&#8221;15px&#8221; button_font=&#8221;Be Vietnam Pro|600|||||||&#8221; button_use_icon=&#8221;off&#8221; box_shadow_style=&#8221;preset1&#8243; box_shadow_blur=&#8221;35px&#8221; box_shadow_spread=&#8221;-11px&#8221; box_shadow_color=&#8221;rgba(255,255,255,0.28)&#8221; global_colors_info=&#8221;{}&#8221; button_bg_color__hover_enabled=&#8221;on|desktop&#8221; button_bg_color__hover=&#8221;rgba(0,127,31,0.7)&#8221; button_bg_enable_color__hover=&#8221;on&#8221; button_border_width__hover=&#8221;0px&#8221; button_border_width__hover_enabled=&#8221;on|desktop&#8221; button_border_radius__hover=&#8221;15px&#8221; button_border_radius__hover_enabled=&#8221;on|desktop&#8221; box_shadow_color__hover=&#8221;rgba(255,255,255,0.49)&#8221; box_shadow_color__hover_enabled=&#8221;on|hover&#8221; button_text_size__hover_enabled=&#8221;on|desktop&#8221; button_border_color__hover=&#8221;rgba(255,255,255,0.02)&#8221; button_border_color__hover_enabled=&#8221;on|hover&#8221; button_icon_color__hover=&#8221;#FFFFFF&#8221; button_icon_color__hover_enabled=&#8221;on|hover&#8221;][\/et_pb_button][\/et_pb_column][\/et_pb_row][\/et_pb_section]<\/p>\n","protected":false},"excerpt":{"rendered":"<p>Un rack de batterie orient\u00e9 performance compos\u00e9 de 16 synth\u00e9tiseurs de batterie avec traitement personnalis\u00e9, des macros pratiques pour chaque synth\u00e9 de batterie ainsi que des macros de performance pour l'ensemble du rack et au moins 7 snapshots de points de d\u00e9part pour chacun des 16 synth\u00e9tiseurs de batterie.<\/p>\n<p><strong>Pourquoi choisir Drums Flow ?<\/strong><\/p>\n<ul>\n<li>\u00c9norme vari\u00e9t\u00e9 de sons de batterie originaux et uniques, accessibles intuitivement gr\u00e2ce aux macros des pads individuels contr\u00f4lant chaque synth\u00e9tiseur de batterie et leur traitement,<\/li>\n<li>Drums Flow est con\u00e7u de mani\u00e8re \u00e0 minimiser les besoins de mixage suppl\u00e9mentaire sur votre batterie,<\/li>\n<li>Con\u00e7us pour la performance live, les filtres et les macros de fill du rack g\u00e9n\u00e9ral sont de puissants alli\u00e9s.<\/li>\n<li>Un excellent outil d'apprentissage pour mieux comprendre le traitement du signal dans Ableton Live<\/li>\n<li>Ta propre bo\u00eete \u00e0 rythmes ultime : avec une bonne connaissance de Live, tu peux facilement plonger dans Drums Flow et, en plus de cr\u00e9er tes propres snapshots, m\u00eame ajuster les r\u00e9glages individuels des p\u00e9riph\u00e9riques dans les 16 sous-racks de synth\u00e9tiseurs de batterie.<\/li>\n<\/ul>","protected":false},"featured_media":3404,"comment_status":"open","ping_status":"closed","template":"","meta":{"_et_pb_use_builder":"on","_et_pb_old_content":"<div>\r\n\r\n<strong>How to use Drums Flow?<\/strong>\r\n<ul>\r\n \t<li>Download Drums Flow and add it to your User Library for easy on-the-fly access,<\/li>\r\n \t<li>(Optional) Include Drums Flow directly on a MIDI track in your default live set,<\/li>\r\n \t<li>Use Drums Flow just like any other Ableton Live Drums Rack, the main 4 macros provides you controls over all the drums, while selecting individual pads will present a sub-rack for each pad containing 16 macros and at least 7 snapshots starting points.<\/li>\r\n<\/ul>\r\n<em>A user manual is included as well as contextual information for each macro directly in Live.<\/em>\r\n\r\n<\/div>\r\n<strong>Requirements &amp; Compatibility Notes:<\/strong>\r\n<div>\r\n<div>\r\n\r\nTo fully enjoy this device, you need at least <strong>Ableton Live Suite 11.x.<\/strong>\r\n\r\n<\/div>\r\n<\/div>\r\nNo third party plugin required.\r\n\r\n&nbsp;\r\n\r\nIf you have any questions you would like to ask before purchasing or any suggestions, do not hesitate to <a href=\"https:\/\/smartdsp.pro\/contact\">contact us<\/a>.","_et_gb_content_width":""},"product_brand":[],"product_cat":[19],"product_tag":[715,714,713,78,711,702,137,705,489,478,56,586,701,710,716,707,708,312,479,170,457,49,709,703,587,159,706,600,167,610,40,583,173,110,482,589,96,166,36,622,44,584,578,712,54,491,704,623,165,585,62,615],"class_list":{"0":"post-3401","1":"product","2":"type-product","3":"status-publish","4":"has-post-thumbnail","6":"product_cat-product","7":"product_tag-606-style","8":"product_tag-808-style","9":"product_tag-909-style","10":"product_tag-ableton","11":"product_tag-ableton-live-resource","12":"product_tag-beats","13":"product_tag-best","14":"product_tag-clap","15":"product_tag-compressor","16":"product_tag-device","17":"product_tag-distortion","18":"product_tag-drive","19":"product_tag-drum-machine","20":"product_tag-drum-machine-for-ableton","21":"product_tag-drum-rack","22":"product_tag-drum-synth","23":"product_tag-drum-synthesizer","24":"product_tag-drums","25":"product_tag-effect","26":"product_tag-electronic","27":"product_tag-electronic-music","28":"product_tag-eq","29":"product_tag-good-drum-machine-for-techno","30":"product_tag-groove","31":"product_tag-harmonic-saturation","32":"product_tag-high-quality","33":"product_tag-hihat","34":"product_tag-home-studio","35":"product_tag-house","36":"product_tag-house-music","37":"product_tag-kick","38":"product_tag-learning","39":"product_tag-live","40":"product_tag-music","41":"product_tag-music-production-tools","42":"product_tag-parallel","43":"product_tag-pro","44":"product_tag-processing","45":"product_tag-production","46":"product_tag-profesionnal","47":"product_tag-quality","48":"product_tag-resource","49":"product_tag-reverb","50":"product_tag-ride","51":"product_tag-saturation","52":"product_tag-saturator","53":"product_tag-snare","54":"product_tag-sound-design","55":"product_tag-studio","56":"product_tag-suite-11","57":"product_tag-techno","58":"product_tag-techno-music","60":"first","61":"instock","62":"sale","63":"downloadable","64":"virtual","65":"sold-individually","66":"purchasable","67":"product-type-simple"},"_links":{"self":[{"href":"https:\/\/smartdsp.pro\/fr\/wp-json\/wp\/v2\/product\/3401","targetHints":{"allow":["GET"]}}],"collection":[{"href":"https:\/\/smartdsp.pro\/fr\/wp-json\/wp\/v2\/product"}],"about":[{"href":"https:\/\/smartdsp.pro\/fr\/wp-json\/wp\/v2\/types\/product"}],"replies":[{"embeddable":true,"href":"https:\/\/smartdsp.pro\/fr\/wp-json\/wp\/v2\/comments?post=3401"}],"wp:featuredmedia":[{"embeddable":true,"href":"https:\/\/smartdsp.pro\/fr\/wp-json\/wp\/v2\/media\/3404"}],"wp:attachment":[{"href":"https:\/\/smartdsp.pro\/fr\/wp-json\/wp\/v2\/media?parent=3401"}],"wp:term":[{"taxonomy":"product_brand","embeddable":true,"href":"https:\/\/smartdsp.pro\/fr\/wp-json\/wp\/v2\/product_brand?post=3401"},{"taxonomy":"product_cat","embeddable":true,"href":"https:\/\/smartdsp.pro\/fr\/wp-json\/wp\/v2\/product_cat?post=3401"},{"taxonomy":"product_tag","embeddable":true,"href":"https:\/\/smartdsp.pro\/fr\/wp-json\/wp\/v2\/product_tag?post=3401"}],"curies":[{"name":"wp","href":"https:\/\/api.w.org\/{rel}","templated":true}]}}